{"id":35,"date":"2025-10-15T09:25:28","date_gmt":"2025-10-15T09:25:28","guid":{"rendered":"https:\/\/lena-martinez.ipac-angers.yt\/?page_id=35"},"modified":"2025-10-17T09:54:49","modified_gmt":"2025-10-17T09:54:49","slug":"contact","status":"publish","type":"page","link":"https:\/\/lena-martinez.ipac-angers.yt\/index.php\/contact\/","title":{"rendered":"Contact"},"content":{"rendered":"\t\t<div data-elementor-type=\"wp-page\" data-elementor-id=\"35\" class=\"elementor elementor-35\">\n\t\t\t\t<div class=\"elementor-element elementor-element-723af82 e-flex e-con-boxed e-con e-parent\" data-id=\"723af82\" data-element_type=\"container\" data-settings=\"{&quot;background_background&quot;:&quot;classic&quot;}\">\n\t\t\t\t\t<div class=\"e-con-inner\">\n\t\t\t\t<div class=\"elementor-element elementor-element-5248df5 elementor-widget elementor-widget-heading\" data-id=\"5248df5\" data-element_type=\"widget\" data-widget_type=\"heading.default\">\n\t\t\t\t\t<h1 class=\"elementor-heading-title elementor-size-default\">CONTACT<\/h1>\t\t\t\t<\/div>\n\t\t\t\t\t<\/div>\n\t\t\t\t<\/div>\n\t\t<div class=\"elementor-element elementor-element-747b190 e-flex e-con-boxed e-con e-parent\" data-id=\"747b190\" data-element_type=\"container\" data-settings=\"{&quot;background_background&quot;:&quot;classic&quot;}\">\n\t\t\t\t\t<div class=\"e-con-inner\">\n\t\t<div class=\"elementor-element elementor-element-34e11b2 e-con-full e-flex e-con e-child\" data-id=\"34e11b2\" data-element_type=\"container\">\n\t\t\t\t<div class=\"elementor-element elementor-element-e26ba84 elementor-widget elementor-widget-text-editor\" data-id=\"e26ba84\" data-element_type=\"widget\" data-widget_type=\"text-editor.default\">\n\t\t\t\t\t\t\t\t\t<h5 style=\"text-align: center;\">Laissez parler votre imagination et vivez une exp\u00e9rience inoubliable avec nous !<\/h5>\t\t\t\t\t\t\t\t<\/div>\n\t\t<div class=\"elementor-element elementor-element-dad7bf1 e-con-full e-flex e-con e-child\" data-id=\"dad7bf1\" data-element_type=\"container\">\n\t\t<div class=\"elementor-element elementor-element-278f6da e-con-full e-flex e-con e-child\" data-id=\"278f6da\" data-element_type=\"container\">\n\t\t<div class=\"elementor-element elementor-element-3d7684e e-con-full e-flex e-con e-child\" data-id=\"3d7684e\" data-element_type=\"container\">\n\t\t\t\t<div class=\"elementor-element elementor-element-7d4b651 elementor-widget elementor-widget-heading\" data-id=\"7d4b651\" data-element_type=\"widget\" data-widget_type=\"heading.default\">\n\t\t\t\t\t<h4 class=\"elementor-heading-title elementor-size-default\">Email<\/h4>\t\t\t\t<\/div>\n\t\t<div class=\"elementor-element elementor-element-0401fc5 e-con-full e-flex e-con e-child\" data-id=\"0401fc5\" data-element_type=\"container\">\n\t\t\t\t<div class=\"elementor-element elementor-element-1c3b3dc elementor-widget elementor-widget-text-editor\" data-id=\"1c3b3dc\" data-element_type=\"widget\" data-widget_type=\"text-editor.default\">\n\t\t\t\t\t\t\t\t\t<pre>contact@alea-agency.com<\/pre>\t\t\t\t\t\t\t\t<\/div>\n\t\t\t\t<\/div>\n\t\t\t\t<\/div>\n\t\t<div class=\"elementor-element elementor-element-5e1eb52 e-con-full e-flex e-con e-child\" data-id=\"5e1eb52\" data-element_type=\"container\">\n\t\t\t\t<div class=\"elementor-element elementor-element-2ed0400 elementor-widget elementor-widget-heading\" data-id=\"2ed0400\" data-element_type=\"widget\" data-widget_type=\"heading.default\">\n\t\t\t\t\t<h4 class=\"elementor-heading-title elementor-size-default\">T\u00e9l\u00e9phone<\/h4>\t\t\t\t<\/div>\n\t\t\t\t<div class=\"elementor-element elementor-element-c369ff0 elementor-widget elementor-widget-text-editor\" data-id=\"c369ff0\" data-element_type=\"widget\" data-widget_type=\"text-editor.default\">\n\t\t\t\t\t\t\t\t\t<p>07 &#8211; 44 &#8211; 52 &#8211; 78 &#8211; 97<\/p>\t\t\t\t\t\t\t\t<\/div>\n\t\t\t\t<\/div>\n\t\t<div class=\"elementor-element elementor-element-80201eb e-con-full e-flex e-con e-child\" data-id=\"80201eb\" data-element_type=\"container\">\n\t\t<div class=\"elementor-element elementor-element-49fd6f1 e-con-full e-flex e-con e-child\" data-id=\"49fd6f1\" data-element_type=\"container\">\n\t\t<div class=\"elementor-element elementor-element-e5a161c e-con-full e-flex e-con e-child\" data-id=\"e5a161c\" data-element_type=\"container\">\n\t\t\t\t<div class=\"elementor-element elementor-element-d3301b9 elementor-widget elementor-widget-image\" data-id=\"d3301b9\" data-element_type=\"widget\" data-widget_type=\"image.default\">\n\t\t\t\t\t\t\t\t\t\t\t\t\t\t\t<img fetchpriority=\"high\" decoding=\"async\" width=\"679\" height=\"681\" src=\"https:\/\/lena-martinez.ipac-angers.yt\/wp-content\/uploads\/2025\/10\/Logo-Tiktok.png\" class=\"attachment-large size-large wp-image-124\" alt=\"\" srcset=\"https:\/\/lena-martinez.ipac-angers.yt\/wp-content\/uploads\/2025\/10\/Logo-Tiktok.png 679w, https:\/\/lena-martinez.ipac-angers.yt\/wp-content\/uploads\/2025\/10\/Logo-Tiktok-300x300.png 300w, https:\/\/lena-martinez.ipac-angers.yt\/wp-content\/uploads\/2025\/10\/Logo-Tiktok-100x100.png 100w, https:\/\/lena-martinez.ipac-angers.yt\/wp-content\/uploads\/2025\/10\/Logo-Tiktok-600x602.png 600w, https:\/\/lena-martinez.ipac-angers.yt\/wp-content\/uploads\/2025\/10\/Logo-Tiktok-150x150.png 150w\" sizes=\"(max-width: 679px) 100vw, 679px\" \/>\t\t\t\t\t\t\t\t\t\t\t\t\t\t\t<\/div>\n\t\t\t\t<\/div>\n\t\t<div class=\"elementor-element elementor-element-0552367 e-con-full e-flex e-con e-child\" data-id=\"0552367\" data-element_type=\"container\">\n\t\t\t\t<div class=\"elementor-element elementor-element-0af07be elementor-widget elementor-widget-image\" data-id=\"0af07be\" data-element_type=\"widget\" data-widget_type=\"image.default\">\n\t\t\t\t\t\t\t\t\t\t\t\t\t\t\t<img decoding=\"async\" width=\"800\" height=\"800\" src=\"https:\/\/lena-martinez.ipac-angers.yt\/wp-content\/uploads\/2025\/10\/Logo-instagram-1024x1024.png\" class=\"attachment-large size-large wp-image-126\" alt=\"\" srcset=\"https:\/\/lena-martinez.ipac-angers.yt\/wp-content\/uploads\/2025\/10\/Logo-instagram-1024x1024.png 1024w, https:\/\/lena-martinez.ipac-angers.yt\/wp-content\/uploads\/2025\/10\/Logo-instagram-300x300.png 300w, https:\/\/lena-martinez.ipac-angers.yt\/wp-content\/uploads\/2025\/10\/Logo-instagram-100x100.png 100w, https:\/\/lena-martinez.ipac-angers.yt\/wp-content\/uploads\/2025\/10\/Logo-instagram-600x600.png 600w, https:\/\/lena-martinez.ipac-angers.yt\/wp-content\/uploads\/2025\/10\/Logo-instagram-150x150.png 150w, https:\/\/lena-martinez.ipac-angers.yt\/wp-content\/uploads\/2025\/10\/Logo-instagram-768x768.png 768w, https:\/\/lena-martinez.ipac-angers.yt\/wp-content\/uploads\/2025\/10\/Logo-instagram-1536x1536.png 1536w, https:\/\/lena-martinez.ipac-angers.yt\/wp-content\/uploads\/2025\/10\/Logo-instagram.png 1775w\" sizes=\"(max-width: 800px) 100vw, 800px\" \/>\t\t\t\t\t\t\t\t\t\t\t\t\t\t\t<\/div>\n\t\t\t\t<\/div>\n\t\t<div class=\"elementor-element elementor-element-aca9b76 e-con-full e-flex e-con e-child\" data-id=\"aca9b76\" data-element_type=\"container\">\n\t\t\t\t<div class=\"elementor-element elementor-element-ef12351 elementor-widget elementor-widget-image\" data-id=\"ef12351\" data-element_type=\"widget\" data-widget_type=\"image.default\">\n\t\t\t\t\t\t\t\t\t\t\t\t\t\t\t<img decoding=\"async\" width=\"800\" height=\"800\" src=\"https:\/\/lena-martinez.ipac-angers.yt\/wp-content\/uploads\/2025\/10\/Logo-facebook.png\" class=\"attachment-large size-large wp-image-127\" alt=\"\" srcset=\"https:\/\/lena-martinez.ipac-angers.yt\/wp-content\/uploads\/2025\/10\/Logo-facebook.png 995w, https:\/\/lena-martinez.ipac-angers.yt\/wp-content\/uploads\/2025\/10\/Logo-facebook-300x300.png 300w, https:\/\/lena-martinez.ipac-angers.yt\/wp-content\/uploads\/2025\/10\/Logo-facebook-100x100.png 100w, https:\/\/lena-martinez.ipac-angers.yt\/wp-content\/uploads\/2025\/10\/Logo-facebook-600x600.png 600w, https:\/\/lena-martinez.ipac-angers.yt\/wp-content\/uploads\/2025\/10\/Logo-facebook-150x150.png 150w, https:\/\/lena-martinez.ipac-angers.yt\/wp-content\/uploads\/2025\/10\/Logo-facebook-768x768.png 768w\" sizes=\"(max-width: 800px) 100vw, 800px\" \/>\t\t\t\t\t\t\t\t\t\t\t\t\t\t\t<\/div>\n\t\t\t\t<\/div>\n\t\t\t\t<\/div>\n\t\t\t\t<\/div>\n\t\t\t\t<\/div>\n\t\t<div class=\"elementor-element elementor-element-1149118 e-con-full e-flex e-con e-child\" data-id=\"1149118\" data-element_type=\"container\">\n\t\t\t\t<\/div>\n\t\t\t\t<\/div>\n\t\t\t\t<\/div>\n\t\t\t\t\t<\/div>\n\t\t\t\t<\/div>\n\t\t\t\t<\/div>\n\t\t","protected":false},"excerpt":{"rendered":"<p>CONTACT Laissez parler votre imagination et vivez une exp\u00e9rience inoubliable avec nous ! Email contact@alea-agency.com T\u00e9l\u00e9phone 07 &#8211; 44 &#8211; 52 &#8211; 78 &#8211; 97<\/p>\n","protected":false},"author":2,"featured_media":0,"parent":0,"menu_order":0,"comment_status":"closed","ping_status":"closed","template":"","meta":{"footnotes":""},"class_list":["post-35","page","type-page","status-publish","hentry"],"_links":{"self":[{"href":"https:\/\/lena-martinez.ipac-angers.yt\/index.php\/wp-json\/wp\/v2\/pages\/35","targetHints":{"allow":["GET"]}}],"collection":[{"href":"https:\/\/lena-martinez.ipac-angers.yt\/index.php\/wp-json\/wp\/v2\/pages"}],"about":[{"href":"https:\/\/lena-martinez.ipac-angers.yt\/index.php\/wp-json\/wp\/v2\/types\/page"}],"author":[{"embeddable":true,"href":"https:\/\/lena-martinez.ipac-angers.yt\/index.php\/wp-json\/wp\/v2\/users\/2"}],"replies":[{"embeddable":true,"href":"https:\/\/lena-martinez.ipac-angers.yt\/index.php\/wp-json\/wp\/v2\/comments?post=35"}],"version-history":[{"count":43,"href":"https:\/\/lena-martinez.ipac-angers.yt\/index.php\/wp-json\/wp\/v2\/pages\/35\/revisions"}],"predecessor-version":[{"id":233,"href":"https:\/\/lena-martinez.ipac-angers.yt\/index.php\/wp-json\/wp\/v2\/pages\/35\/revisions\/233"}],"wp:attachment":[{"href":"https:\/\/lena-martinez.ipac-angers.yt\/index.php\/wp-json\/wp\/v2\/media?parent=35"}],"curies":[{"name":"wp","href":"https:\/\/api.w.org\/{rel}","templated":true}]}}